{"id":16,"date":"2023-10-24T13:42:18","date_gmt":"2023-10-24T11:42:18","guid":{"rendered":"https:\/\/wordpressdemo.cc\/gauting23\/?page_id=16"},"modified":"2023-10-25T13:28:15","modified_gmt":"2023-10-25T11:28:15","slug":"digital_memory","status":"publish","type":"page","link":"https:\/\/wordpressdemo.cc\/digital_memory\/","title":{"rendered":"digital_memory_map"},"content":{"rendered":"\n<h2 class=\"wp-block-heading\">Digitale Kartenl\u00f6sung f\u00fcr Erinnerungskultur<\/h2>\n\n\n\n<p>Diese Beispielseite wurde innerhalb von wenigen Minuten erstellt und ist eine Multiuser Version der <a href=\"https:\/\/muenchen72.medienzentrum-muc.de\/mapping-muenchen-72\/\" data-type=\"link\" data-id=\"https:\/\/muenchen72.medienzentrum-muc.de\/mapping-muenchen-72\/\">M\u00fcnchen72 Karte<\/a>, die im Rahmen des Projektes <a href=\"https:\/\/muenchen72.medienzentrum-muc.de\/mapping-muenchen-72\/\" data-type=\"link\" data-id=\"https:\/\/muenchen72.medienzentrum-muc.de\/mapping-muenchen-72\/\">M\u00fcnchen72<\/a> des Stadtmuseum M\u00fcnchen mit dem Medienzentrum M\u00fcnchen des JFF entwickelt wurde. Mit etwas weiterer Arbeit k\u00f6nnten wir so P\u00e4dagog*innen oder anderen Erinnerungsarbeiter*innen die M\u00f6glichkeit geben in Minuten eine eigene Karte zu erstellen, die sie in Projekten einsetzen k\u00f6nnen. Die Daten liegen auf einem eigenen Server in Deutschland. Die Kartenl\u00f6sung w\u00e4re komplett kostenlos. Momentan befindet sie sich im Erprobungsstatus. Testweise kann man eine Karte <a href=\"http:\/\/wordpressdemo.cc\/wp-signup.php\">hier<\/a> einrichten. Momentan gibt es noch keine richtigen Hilfeseiten. Bei Fragen wenden sie sich bitte an Ulrich Tausend. Bei digital_memory direkt am Stand vom M\u00fcnchen72 oder per 0176 30885351 oder ulrich.tausend@jff.de.<br><\/p>\n\n\n\n<h2 class=\"wp-block-heading\">\u00dcber digital_memory<\/h2>\n\n\n\n<div class=\"open-user-map\">\n\n  \n  \n<div class=\"box-wrap map-size-default \">\n  \n  <div class=\"map-wrap\">\n    <div class=\"oum-loading-overlay\">\n      <div class=\"oum-loading-spinner\"><\/div>\n    <\/div>\n    <div id=\"map-20210929\" class=\"leaflet-map map-style_Esri.WorldStreetMap\"><\/div>\n    \n    \n    \n        \n      \n      \n        <div id=\"open-add-location-overlay\" class=\"open-add-location-overlay oum-hidden\" style=\"background-color: #e82c71\"><span class=\"btn_icon\">+<\/span><span class=\"btn_text\">Marker hinzuf\u00fcgen<\/span><\/div>\n\n      \n    \n    \n    \n    <script type=\"text\/javascript\" id=\"oum-inline-js\" \n      data-category=\"functional\" \n      class=\"cmplz-native\" \n      data-minify=\"0\"\n      data-no-optimize=\"1\"\n      data-no-defer=\"1\"\n      data-no-combine=\"1\"\n      data-cfasync=\"false\"\n      data-pagespeed-no-defer\n      data-boot=\"1\">\n      var map_el = `map-20210929`;\n\n      if(document.getElementById(map_el)) {\n        \/* Transfer PHP array to JS json *\/\n        var oum_all_locations = [{\"title\":\"Virtueller Erinnerungsort im Flachsfeld\",\"lat\":\"48.288305882276\",\"lng\":\"11.578216552734\",\"zoom\":\"16\",\"content\":\"\\u003Cdiv class=\\u0022oum-carousel popup-image-size-original\\u0022\\u003E\\u003Cdiv class=\\u0022oum-carousel-inner\\u0022\\u003E\\u003Cdiv class=\\u0022oum-carousel-item active\\u0022\\u003E\\u003Cimg class=\\u0022skip-lazy\\u0022 src=\\u0022https:\/\/wordpressdemo.cc\/digital_memory\/wp-content\/uploads\/sites\/3\/oum-useruploads\/32.jpg\\u0022 alt=\\u0022Virtueller Erinnerungsort im Flachsfeld\\u0022\\u003E\\u003C\/div\\u003E\\u003C\/div\\u003E\\u003C\/div\\u003E\\u003Cdiv class=\\u0022oum_location_text\\u0022\\u003E\\u003Cdiv class=\\u0022oum_location_address\\u0022\\u003E\\u003Ca title=\\u0022zu Google Maps gehen\\u0022 href=\\u0022https:\/\/www.google.com\/maps\/search\/?api=1\\u0026amp;query=48.288305882276%2C11.578216552734\\u0022 target=\\u0022_blank\\u0022\\u003EVirtual and Augmented Reality Learning Site\\u003C\/a\\u003E\\u003C\/div\\u003E\\u003Cdiv class=\\u0022oum_location_title\\u0022\\u003E\\u003Ch3 class=\\u0022oum_location_name\\u0022\\u003EVirtueller Erinnerungsort im Flachsfeld\\u003C\/h3\\u003E\\u003C\/div\\u003E\\u003Cdiv class=\\u0022oum_location_description\\u0022\\u003EDer dreiteilige Erinnerungsort besteht aus dem Denkmal am Bahnhof, dem Virtuellen Lernort im Flachsfeld und dem Weg der Erinnerung, der die beiden Orte miteinander verbindet. Zoomen Sie in die Karte und klicken Sie auf die dunkelblauen Striche, um zu sehen, in welchem Abschnitt welche Namen zu finden sind oder verwenden Sie die Namenssuche auf der \\u003Ca href=\\u0022https:\/\/www.denkmal-lohhof.de\/erinnerungsort\\u0022\\u003EWebseite\\u003C\/a\\u003E.\\u003C\/div\\u003E\\u003Cdiv class=\\u0022oum_location_text_bottom\\u0022\\u003E\\u003C\/div\\u003E\\u003C\/div\\u003E\\u003Cdiv style=\\u0022display: none\\u0022\\u003Evirtueller-erinnerungsort-im-flachsfeld\\u003C\/div\\u003E\",\"icon\":\"https:\/\/wordpressdemo.cc\/digital_memory\/wp-content\/plugins\/open-user-map\/src\/leaflet\/images\/marker-icon_custom1-2x.png\",\"types\":[],\"post_id\":\"32\",\"address\":\"Virtual and Augmented Reality Learning Site\",\"text\":\"Der dreiteilige Erinnerungsort besteht aus dem Denkmal am Bahnhof, dem Virtuellen Lernort im Flachsfeld und dem Weg der Erinnerung, der die beiden Orte miteinander verbindet. Zoomen Sie in die Karte und klicken Sie auf die dunkelblauen Striche, um zu sehen, in welchem Abschnitt welche Namen zu finden sind oder verwenden Sie die Namenssuche auf der \\u003Ca href=\\u0022https:\/\/www.denkmal-lohhof.de\/erinnerungsort\\u0022\\u003EWebseite\\u003C\/a\\u003E.\",\"image\":\"https:\/\/wordpressdemo.cc\/digital_memory\/wp-content\/uploads\/sites\/3\/oum-useruploads\/32.jpg\",\"audio\":\"\",\"video\":\"\",\"custom_fields\":[],\"votes\":0},{\"title\":\"#digital_memory\",\"lat\":\"48.13155825\",\"lng\":\"11.590841695441\",\"zoom\":\"16\",\"content\":\"\\u003Cdiv class=\\u0022oum-carousel popup-image-size-original\\u0022\\u003E\\u003Cdiv class=\\u0022oum-carousel-inner\\u0022\\u003E\\u003Cdiv class=\\u0022oum-carousel-item active\\u0022\\u003E\\u003Cimg class=\\u0022skip-lazy\\u0022 src=\\u0022https:\/\/wordpressdemo.cc\/gauting23\/wp-content\/uploads\/sites\/3\/2023\/10\/Digital-Memory-736x1024.png\\u0022 alt=\\u0022#digital_memory\\u0022\\u003E\\u003C\/div\\u003E\\u003C\/div\\u003E\\u003C\/div\\u003E\\u003Cdiv class=\\u0022oum_location_text\\u0022\\u003E\\u003Cdiv class=\\u0022oum_location_address\\u0022\\u003E\\u003Ca title=\\u0022zu Google Maps gehen\\u0022 href=\\u0022https:\/\/www.google.com\/maps\/search\/?api=1\\u0026amp;query=48.13155825%2C11.590841695441\\u0022 target=\\u0022_blank\\u0022\\u003ESymposium zu interaktiven Ans\u00e4tzen in der Erinnerungskultur\\u003C\/a\\u003E\\u003C\/div\\u003E\\u003Cdiv class=\\u0022oum_location_title\\u0022\\u003E\\u003Ch3 class=\\u0022oum_location_name\\u0022\\u003E#digital_memory\\u003C\/h3\\u003E\\u003C\/div\\u003E\\u003Cdiv class=\\u0022oum_location_description\\u0022\\u003E25. Oktober | Einlass 9.30 Uhr | Fat Cat im alten Gasteig\\u003Cbr\\u003E\\u003Cbr\\u003EIm Fokus des \\u003Ca href=\\u0022https:\/\/www.medienzentrum-muc.de\/angebotevent\/digital_memory\/\\u0022\\u003ESymposiums\\u003C\/a\\u003E stehen Projekte, die Anliegen der Erinnerungskultur mit digitaler Technologie verbinden. Es wird einen offenen Raum f\u00fcr gegenseitiges Kennenlernen, Vernetzung, Experimentieren und Austausch \u00fcber Mehrwerte und Grenzen der p\u00e4dagogischen Ans\u00e4tze und digitalen Tools geben. \u202fIn drei Bl\u00f6cken geben Fachkr\u00e4ften, Entwickler*innen, Vermittler*innen, K\u00fcnstler*innen und Jugendliche in offenen Diskussionsrunden Einblicke in ihre Projekte und digitale Anwendungen. Am Abend gibt Steffen Jost (Landecker Stiftung) in seiner Keynote einen thematischen \u00dcberblick zu aktuellen Trends in der Digital Memory.\\u003C\/div\\u003E\\u003Cdiv class=\\u0022oum_location_text_bottom\\u0022\\u003E\\u003C\/div\\u003E\\u003C\/div\\u003E\\u003Cdiv style=\\u0022display: none\\u0022\\u003Edigital_memory\\u003C\/div\\u003E\",\"icon\":\"https:\/\/wordpressdemo.cc\/digital_memory\/wp-content\/plugins\/open-user-map\/src\/leaflet\/images\/marker-icon_custom1-2x.png\",\"types\":[],\"post_id\":\"13\",\"address\":\"Symposium zu interaktiven Ans\u00e4tzen in der Erinnerungskultur\",\"text\":\"25. Oktober | Einlass 9.30 Uhr | Fat Cat im alten Gasteig\\u003Cbr\\u003E\\u003Cbr\\u003EIm Fokus des \\u003Ca href=\\u0022https:\/\/www.medienzentrum-muc.de\/angebotevent\/digital_memory\/\\u0022\\u003ESymposiums\\u003C\/a\\u003E stehen Projekte, die Anliegen der Erinnerungskultur mit digitaler Technologie verbinden. Es wird einen offenen Raum f\u00fcr gegenseitiges Kennenlernen, Vernetzung, Experimentieren und Austausch \u00fcber Mehrwerte und Grenzen der p\u00e4dagogischen Ans\u00e4tze und digitalen Tools geben. \u202fIn drei Bl\u00f6cken geben Fachkr\u00e4ften, Entwickler*innen, Vermittler*innen, K\u00fcnstler*innen und Jugendliche in offenen Diskussionsrunden Einblicke in ihre Projekte und digitale Anwendungen. Am Abend gibt Steffen Jost (Landecker Stiftung) in seiner Keynote einen thematischen \u00dcberblick zu aktuellen Trends in der Digital Memory.\",\"image\":\"https:\/\/wordpressdemo.cc\/gauting23\/wp-content\/uploads\/sites\/3\/2023\/10\/Digital-Memory-736x1024.png\",\"audio\":\"\",\"video\":\"\",\"custom_fields\":[],\"votes\":0}];\n\n        \/\/ Wait for OUMLoader to be defined\n        function initializeMap() {\n          if (typeof OUMLoader !== 'undefined') {\n            \/\/ Initialize loader for this map\n            OUMLoader.initLoader(map_el);\n\n            \/\/ Add event listener for map initialization complete\n            document.addEventListener('oum:map_initialized', function(e) {\n              if (e.detail.mapId === map_el) {\n                OUMLoader.setMapInitialized(map_el);\n              }\n            });\n          } else {\n            \/\/ If OUMLoader is not yet defined, wait and try again\n            setTimeout(initializeMap, 100);\n          }\n        }\n\n        \/\/ Start initialization\n        initializeMap();\n\n        var mapStyle = `Esri.WorldStreetMap`;\n        var oum_tile_provider_mapbox_key = ``;\n        var marker_icon_url = `https:\/\/wordpressdemo.cc\/digital_memory\/wp-content\/plugins\/open-user-map\/src\/leaflet\/images\/marker-icon_custom1-2x.png`;\n        var marker_shadow_url = `https:\/\/wordpressdemo.cc\/digital_memory\/wp-content\/plugins\/open-user-map\/src\/leaflet\/images\/marker-shadow.png`;\n        var oum_enable_scrollwheel_zoom_map = false;\n        var oum_enable_cluster = true;\n        var oum_enable_fullscreen = true;\n\n        var oum_enable_searchbar = true;\n        var oum_searchbar_type = `address`;\n\n        var oum_geosearch_selected_provider = ``; \n        var oum_geosearch_provider = `osm`;\n        var oum_geosearch_provider_geoapify_key = ``;\n        var oum_geosearch_provider_here_key = ``;\n        var oum_geosearch_provider_mapbox_key = ``;\n        \n        var oum_enable_searchaddress_button = true;\n        var oum_searchaddress_label = `Suche nach Adresse`;\n\n        var oum_enable_searchmarkers_button = true;\n        var oum_searchmarkers_label = `Marker finden`;\n        var oum_searchmarkers_zoom = `8`;\n\n        var oum_enable_currentlocation = false;\n        var oum_action_after_submit = `text`;\n        var thankyou_redirect = ``;\n        var start_lat = Number(48.13155825);\n        var start_lng = Number(11.590841695441);\n        var start_zoom = Number(9);\n        \n        var oum_enable_fixed_map_bounds = ``;\n        var oum_use_settings_start_location = false;\n        var oum_has_regions = false;\n        var oum_enable_multiple_marker_types = `false`;\n\n        var oum_location = {};\n        var oum_custom_css = '';\n        var oum_custom_script = '';\n        var oum_max_image_filesize = 10;\n        var oumMap;\n        var oumMap2;\n\n        \/**\n         * Conditional Field Feature\n         * \n         * @param {string} sourceField - The source field selector\n         * @param {string} targetField - The target field selector\n         * @param {array} condShow - The values that should show the target field\n         * @param {array} condHide - The values that should hide the target field\n         *\/\n        var oumConditionalField = (sourceField, targetField, condShow, condHide) => {\n            const sourceElements = document.querySelectorAll(sourceField); \/\/ Select all radios\/checkboxes or single select\n            const targetElementWrapper = document.querySelector(targetField)?.parentElement; \/* works with custom fields only *\/\n\n            \/\/ Check if both sourceElements and targetElementWrapper exist\n            if (!sourceElements.length) {\n                console.warn(`OUM: Source field(s) not found: ${sourceField}`);\n                return;\n            }\n\n            if (!targetElementWrapper) {\n                console.warn(`OUM: Target field wrapper not found: ${targetField}`);\n                return;\n            }\n\n            \/* Event listener for change *\/\n            const onChangeHandler = function() {\n                \/\/ Get selected values for checkboxes and single selected value for radios\/select\n                const selectedValues = Array.from(sourceElements)\n                    .filter(element => element.checked || element.tagName === 'SELECT')\n                    .map(element => element.value);\n\n                const selectedValue = selectedValues[0]; \/\/ For radios and selects, we use only the first (and only) value\n\n                console.log('OUM: run condition', {selectedValue, sourceField, targetField, condShow, condHide});\n                \n                \/\/ Show or hide target field based on the selected value(s)\n                if (condShow.includes(selectedValue)) {\n                    targetElementWrapper.style.display = 'block';\n                } else if (condHide.includes(selectedValue)) {\n                    targetElementWrapper.style.display = 'none';\n                }\n            };\n\n            \/* Attach the event listener to each radio\/checkbox or select *\/\n            sourceElements.forEach(element => {\n                element.addEventListener('change', onChangeHandler);\n            });\n\n            \/* Trigger initially *\/\n            onChangeHandler(); \/\/ Call it directly to set initial state\n        };\n\n        \/**\n         * Add Custom Styles\n         *\/\n        \n        \n          \/* custom color *\/\n          oum_custom_css += `\n            .open-user-map .add-location #close-add-location-overlay:hover {color: #e82c71 !important}\n            .open-user-map .box-wrap .map-wrap .oum-filter-controls .oum-filter-list .close-filter-list:hover {color: #e82c71 !important}\n            .open-user-map input.oum-switch[type=\"checkbox\"]:checked + label::before {background-color: #e82c71 !important}\n            .open-user-map .add-location .location-overlay-content #oum_add_location_thankyou h3 {color: #e82c71 !important}\n            .open-user-map .oum_location_text a {color: #e82c71 !important}\n            .open-user-map .oum_location_text .oum_vote_button_wrap .oum_vote_button.voted {background: #e82c71 !important; border-color: #e82c71 !important;}\n            .open-user-map .oum-tabs {border-color: #e82c71 !important}\n            .open-user-map .oum-tabs .nav-item:hover {color: #e82c71 !important; border-color: #e82c71 !important}\n            .open-user-map .oum-tabs .nav-item.active {color: #e82c71 !important; border-color: #e82c71 !important}\n            .open-user-map .box-wrap .map-wrap .oum-attribution a {color: #e82c71 !important;}\n            \/* Message CTA Buttons *\/\n            .open-user-map .add-location .location-overlay-content #oum_add_location_thankyou button {background-color: #e82c71 !important; border-color: #e82c71 !important;}\n            .open-user-map .add-location .location-overlay-content .oum-delete-confirmation button {background-color: #e82c71 !important; border-color: #e82c71 !important;}\n            \/* Media Section Colors *\/\n            .open-user-map .add-location .location-overlay-content #oum_add_location .oum_media .media-upload label {color: #e82c71 !important}\n            .open-user-map .add-location .location-overlay-content #oum_add_location .oum_media .oum-image-upload .media-upload-top label .multi-upload-indicator {background: #e82c71 !important}\n            .open-user-map .add-location .location-overlay-content #oum_add_location .oum_media .oum-video-upload input[type=text]:hover {border-color: #e82c71 !important}\n            .open-user-map .add-location .location-overlay-content #oum_add_location .oum_media .oum-video-upload input[type=text]:focus {border-color: #e82c71 !important; box-shadow: 0 0 0 2px #e82c711a !important}\n            .open-user-map .add-location .location-overlay-content #oum_add_location .oum_media .image-preview-placeholder {border-color: #e82c71 !important; background: #e82c710a !important}\n            .open-user-map .add-location .location-overlay-content #oum_add_location .oum_media .oum-image-preview-grid .image-preview-item.dragging {border-color: #e82c71 !important}\n            \/* List Styles *\/\n            .open-user-map-locations-list .oum-locations-list-item .oum_location_text a {color: #e82c71 !important} \n            .open-user-map-locations-list .oum-locations-list-item .oum_location_text .oum_vote_button_wrap .oum_vote_button.voted {background: #e82c71 !important; border-color: #e82c71 !important;}`;\n\n        \n        \n        \n        var custom_style = document.createElement('style');\n\n        if (custom_style.styleSheet) {\n          custom_style.styleSheet.cssText = oum_custom_css;\n        } else {\n          custom_style.appendChild(document.createTextNode(oum_custom_css));\n        }\n\n        document.getElementsByTagName('head')[0].appendChild(custom_style);\n\n        \/* Add initial CSS to prevent flash of unstyled content *\/\n        var initialStyles = document.createElement('style');\n        initialStyles.textContent = `\n          .oum-hidden {\n            opacity: 0 !important;\n            visibility: hidden !important;\n            transition: opacity 0.3s ease, visibility 0.3s ease;\n          }\n          .oum-filter-controls,\n          .open-add-location-overlay,\n          #oum_filter_markers {\n            opacity: 0;\n            visibility: hidden;\n            transition: opacity 0.3s ease, visibility 0.3s ease;\n          }\n          .oum-filter-controls.visible,\n          .open-add-location-overlay.visible,\n          #oum_filter_markers.visible {\n            opacity: 1;\n            visibility: visible;\n          }\n        `;\n        document.head.appendChild(initialStyles);\n\n      }\n    <\/script>\n\n  <\/div>\n\n<\/div>\n\n<\/div>\n\n\n<ol class=\"wp-block-list\" start=\"25\">\n<li>Oktober | Einlass 9.30 Uhr | Fat Cat im alten Gasteig<\/li>\n<\/ol>\n\n\n\n<p>Im Fokus des Symposiums stehen Projekte, die Anliegen der Erinnerungskultur mit digitaler Technologie verbinden. Es wird einen offenen Raum f\u00fcr gegenseitiges Kennenlernen, Vernetzung, Experimentieren und Austausch \u00fcber Mehrwerte und Grenzen der p\u00e4dagogischen Ans\u00e4tze und digitalen Tools geben. \u202fIn drei Bl\u00f6cken geben Fachkr\u00e4ften, Entwickler<em>innen, Vermittler<\/em>innen, K\u00fcnstler*innen und Jugendliche in offenen Diskussionsrunden Einblicke in ihre Projekte und digitale Anwendungen. Am Abend gibt Steffen Jost (Landecker Stiftung) in seiner Keynote einen thematischen \u00dcberblick zu aktuellen Trends in der Digital Memory.<br><\/p>\n\n\n\n<h2 class=\"wp-block-heading\">\u00dcber M\u00fcnchen72<\/h2>\n\n\n\n<p>Unter dem Titel \u201eM\u00fcnchen 72. Forum der Erinnerungen digital_analog_partizipativ\u201d macht sich das M\u00fcnchner Stadtmuseum gemeinsam mit dem Medienzentrum M\u00fcnchen anl\u00e4sslich des 50-j\u00e4hrigen Jubil\u00e4ums der Olympischen Sommerspiele 1972 auf die Suche nach deren Spuren in der Stadtgesellschaft. Im Mittelpunkt dieser Kooperation stehen Projekte und Angebote, die die Erinnerungen der M\u00fcnchner*innen an Olympia 72 nicht nur analog, sondern auch digital-kollaborativ sammeln.<\/p>\n\n\n\n<p>Auf der <a href=\"https:\/\/muenchen72.medienzentrum-muc.de\/\" data-type=\"link\" data-id=\"https:\/\/muenchen72.medienzentrum-muc.de\/\">Website<\/a> sind alle Projekte aufgelistet, die das Medienzentrum M\u00fcnchen gemeinsam mit dem M\u00fcnchner Stadtmuseum entwickelt hat. Die Brosch\u00fcre \u201e<a href=\"https:\/\/muenchen72.medienzentrum-muc.de\/wp-content\/uploads\/2023\/02\/Partizipatives-Erzaehlen-und-Digitalisieren-von-Erinnerungen.pdf\">Partizipatives Erz\u00e4hlen &amp; Digitalisieren von Erinnerungen<\/a>\u201c findet sich&nbsp;zum kostenlosen Download. Hier werden auf 24 Seiten alle Projekte ausf\u00fchrlich in ihrer Anordnung und Wirkung beschrieben. Die Texte der Brosch\u00fcre sind&nbsp;<a href=\"https:\/\/creativecommons.org\/licenses\/by\/3.0\/de\/\">creative commons<\/a>&nbsp;und sollen Interessierte inspirieren, die beschriebenen Projekte auf andere Kontexte zu adaptieren.<br><\/p>\n\n\n\n<h2 class=\"wp-block-heading\">\u00dcber Mapping72<\/h2>\n\n\n\n<p>Mit Mapping \u201cM\u00fcnchen 72\u201c bauen wir eine Stadtkarte mit Ihren und Euren Olympia-Erinnerungen. Hinter den Kartenmarkierungen verstecken sich aufgeschriebene Geschichten, Fotos, Audio-Aufnahmen und Videos. Auch Ihre Erinnerungen, die Sie mit uns zusammen im Erz\u00e4hlcaf\u00e9 vorbereitet haben, wurden in die Karte \u00fcbernommen.<\/p>\n\n\n\n<p>St\u00f6bern Sie durch die Eintr\u00e4ge oder gestalten sie ihren eigenen Beitrag. Die Karte w\u00e4chst best\u00e4ndig, es lohnt sich also, immer mal wieder vorbeizuschauen.<\/p>\n\n\n\n<p>Zur <a href=\"https:\/\/muenchen72.medienzentrum-muc.de\/mapping-muenchen-72\/\" data-type=\"link\" data-id=\"https:\/\/muenchen72.medienzentrum-muc.de\/mapping-muenchen-72\/\">Karte<\/a>.<\/p>\n\n\n\n<figure class=\"wp-block-image size-full\"><a href=\"https:\/\/muenchen72.medienzentrum-muc.de\/mapping-muenchen-72\/\"><img loading=\"lazy\" decoding=\"async\" width=\"884\" height=\"874\" src=\"https:\/\/wordpressdemo.cc\/gauting23\/wp-content\/uploads\/sites\/3\/2023\/10\/image.png\" alt=\"\" class=\"wp-image-24\" srcset=\"https:\/\/wordpressdemo.cc\/digital_memory\/wp-content\/uploads\/sites\/3\/2023\/10\/image.png 884w, https:\/\/wordpressdemo.cc\/digital_memory\/wp-content\/uploads\/sites\/3\/2023\/10\/image-300x297.png 300w, https:\/\/wordpressdemo.cc\/digital_memory\/wp-content\/uploads\/sites\/3\/2023\/10\/image-768x759.png 768w\" sizes=\"auto, (max-width: 884px) 100vw, 884px\" \/><\/a><\/figure>\n","protected":false},"excerpt":{"rendered":"<p>Digitale Kartenl\u00f6sung f\u00fcr Erinnerungskultur Diese Beispielseite wurde innerhalb von wenigen Minuten erstellt und ist eine Multiuser Version der M\u00fcnchen72 Karte, die im Rahmen des Projektes M\u00fcnchen72 des Stadtmuseum M\u00fcnchen mit dem Medienzentrum M\u00fcnchen des JFF entwickelt wurde. Mit etwas weiterer Arbeit k\u00f6nnten wir so P\u00e4dagog*innen oder anderen Erinnerungsarbeiter*innen die M\u00f6glichkeit geben in Minuten eine eigene [&hellip;]<\/p>\n","protected":false},"author":3,"featured_media":0,"parent":0,"menu_order":0,"comment_status":"closed","ping_status":"closed","template":"","meta":{"footnotes":""},"class_list":["post-16","page","type-page","status-publish","hentry"],"_links":{"self":[{"href":"https:\/\/wordpressdemo.cc\/digital_memory\/wp-json\/wp\/v2\/pages\/16","targetHints":{"allow":["GET"]}}],"collection":[{"href":"https:\/\/wordpressdemo.cc\/digital_memory\/wp-json\/wp\/v2\/pages"}],"about":[{"href":"https:\/\/wordpressdemo.cc\/digital_memory\/wp-json\/wp\/v2\/types\/page"}],"author":[{"embeddable":true,"href":"https:\/\/wordpressdemo.cc\/digital_memory\/wp-json\/wp\/v2\/users\/3"}],"replies":[{"embeddable":true,"href":"https:\/\/wordpressdemo.cc\/digital_memory\/wp-json\/wp\/v2\/comments?post=16"}],"version-history":[{"count":8,"href":"https:\/\/wordpressdemo.cc\/digital_memory\/wp-json\/wp\/v2\/pages\/16\/revisions"}],"predecessor-version":[{"id":34,"href":"https:\/\/wordpressdemo.cc\/digital_memory\/wp-json\/wp\/v2\/pages\/16\/revisions\/34"}],"wp:attachment":[{"href":"https:\/\/wordpressdemo.cc\/digital_memory\/wp-json\/wp\/v2\/media?parent=16"}],"curies":[{"name":"wp","href":"https:\/\/api.w.org\/{rel}","templated":true}]}}